{"id":7153,"date":"2024-06-16T19:37:10","date_gmt":"2024-06-16T16:37:10","guid":{"rendered":"https:\/\/niopliashalkidiki.gr\/?page_id=7153"},"modified":"2024-07-14T21:38:16","modified_gmt":"2024-07-14T18:38:16","slug":"politici-kolacica","status":"publish","type":"page","link":"https:\/\/niopliashalkidiki.gr\/sr\/politici-kolacica\/","title":{"rendered":"Politici Kola\u010di\u0107a"},"content":{"rendered":"\n<p>O ovoj politici kola\u010di\u0107a<\/p>\n\n\n\n<p>Ova Politika kola\u010di\u0107a obja\u0161njava \u0161ta su kola\u010di\u0107i i kako ih koristimo. Trebalo bi da pro\u010ditate ovu politiku da biste razumeli \u0161ta su kola\u010di\u0107i, kako ih koristimo, vrste kola\u010di\u0107a koje koristimo, tj. informacije koje prikupljamo kori\u0161\u0107enjem kola\u010di\u0107a i kako se te informacije koriste, kao i na\u010din kontrole preferencija kola\u010di\u0107a. Za vi\u0161e informacija o tome kako koristimo, skladi\u0161timo i \u010duvamo va\u0161e li\u010dne podatke, pogledajte na\u0161u Politiku privatnosti.<\/p>\n\n\n\n<p>Mo\u017eete promeniti ili povu\u0107i svoju saglasnost u bilo koje vreme iz Izjave o kola\u010di\u0107ima na na\u0161em veb sajtu.<\/p>\n\n\n\n<p>Saznajte vi\u0161e o tome ko smo, kako nas mo\u017eete kontaktirati i kako obra\u0111ujemo li\u010dne podatke u na\u0161oj Politici privatnosti.<\/p>\n\n\n\n<p>Va\u0161a saglasnost va\u017ei za slede\u0107e domene: niopliashalkidiki.gr<\/p>\n\n\n<p>[user_consent_state]<\/p>\n\n\n\n<p>\u0160ta su kola\u010di\u0107i?<\/p>\n\n\n\n<p>Kola\u010di\u0107i su male tekstualne datoteke koje se koriste za skladi\u0161tenje malih komada informacija. Kola\u010di\u0107i se skladi\u0161te na va\u0161em ure\u0111aju kada se veb sajt u\u010dita u va\u0161em pretra\u017eiva\u010du. Ovi kola\u010di\u0107i nam poma\u017eu da veb sajt funkcioni\u0161e pravilno, da bude sigurniji, da pru\u017eimo bolje korisni\u010dko iskustvo i da razumemo kako veb sajt funkcioni\u0161e i analiziramo \u0161ta funkcioni\u0161e i gde je potrebno pobolj\u0161anje.<\/p>\n\n\n\n<p>Kako koristimo kola\u010di\u0107e?<\/p>\n\n\n\n<p>Kao ve\u0107ina online usluga, na\u0161 veb sajt koristi kola\u010di\u0107e prve i tre\u0107e strane za vi\u0161e svrha. Kola\u010di\u0107i prve strane su uglavnom potrebni da bi veb sajt funkcionisao na pravi na\u010din i ne prikupljaju nikakve va\u0161e li\u010dne podatke.<\/p>\n\n\n\n<p>Kola\u010di\u0107i tre\u0107e strane koji se koriste na na\u0161im veb sajtovima koriste se uglavnom za razumevanje kako veb sajt funkcioni\u0161e, kako interagujete sa na\u0161im veb sajtom, odr\u017eavanje sigurnosti na\u0161ih usluga, pru\u017eanje relevantnih oglasa i sveukupno pru\u017eanje boljeg i pobolj\u0161anog korisni\u010dkog iskustva i poma\u017eu ubrzavanje va\u0161ih budu\u0107ih interakcija sa na\u0161im veb sajtom.<\/p>\n\n\n\n<p>Koje vrste kola\u010di\u0107a koristimo?<\/p>\n\n\n\n<p>Neophodni: Neki kola\u010di\u0107i su neophodni da biste mogli u potpunosti koristiti funkcionalnosti na\u0161eg veb sajta. Omogu\u0107avaju nam da odr\u017eavamo korisni\u010dke sesije i spre\u010dimo bilo kakve pretnje sigurnosti. Ne prikupljaju niti skladi\u0161te li\u010dne informacije. Na primer, ovi kola\u010di\u0107i vam omogu\u0107avaju da se prijavite na svoj nalog i dodate proizvode u svoju korpu i sigurno ih naplatite.<\/p>\n\n\n\n<p>Statistika: Ovi kola\u010di\u0107i skladi\u0161te informacije kao \u0161to su broj posetilaca na veb sajtu, broj jedinstvenih posetilaca, koje stranice veb sajta su pose\u0107ene, izvor posete, itd. Ovi podaci nam poma\u017eu da razumemo i analiziramo koliko dobro veb sajt funkcioni\u0161e i gde je potrebno pobolj\u0161anje.<\/p>\n\n\n\n<p>Marketing: Na\u0161 veb sajt prikazuje oglase. Ovi kola\u010di\u0107i se koriste za personalizaciju oglasa koje vam prikazujemo tako da budu relevantni za vas. Ovi kola\u010di\u0107i nam tako\u0111e poma\u017eu da pratimo efikasnost ovih oglasnih kampanja.<\/p>\n\n\n\n<p>Informacije skladi\u0161tene u ovim kola\u010di\u0107ima mogu tako\u0111e koristiti tre\u0107i provajderi oglasa da vam prikazuju oglase na drugim veb sajtovima u pretra\u017eiva\u010du.<\/p>\n\n\n\n<p>Funkcionalni: Ovo su kola\u010di\u0107i koji poma\u017eu odre\u0111enim neosnovnim funkcionalnostima na na\u0161em veb sajtu. Ove funkcionalnosti uklju\u010duju ugra\u0111ivanje sadr\u017eaja poput video zapisa ili deljenje sadr\u017eaja na veb sajtu na dru\u0161tvenim mre\u017eama.<\/p>\n\n\n\n<p>Preferencije: Ovi kola\u010di\u0107i nam poma\u017eu da skladi\u0161timo va\u0161a pode\u0161avanja i preferencije pretra\u017eivanja kao \u0161to su jezi\u010dke preferencije tako da imate bolje i efikasnije iskustvo tokom budu\u0107ih poseta veb sajtu.<\/p>\n\n\n<p>[cookie_audit columns=\u201dcookie, description\u201d heading=\u201dSlede\u0107a lista detaljno opisuje kola\u010di\u0107e kori\u0161\u0107ene na na\u0161em veb sajtu.\u201d]<\/p>\n\n\n\n<p>Kako mogu kontrolisati preferencije kola\u010di\u0107a?<\/p>\n\n\n\n<p>Ako odlu\u010dite da promenite svoje preferencije kasnije tokom pretra\u017eiva\u010dke sesije, mo\u017eete kliknuti na karticu \u201cPolitika privatnosti i kola\u010di\u0107a\u201d na ekranu. Ovo \u0107e ponovo prikazati obave\u0161tenje o saglasnosti, omogu\u0107avaju\u0107i vam da promenite svoje preferencije ili potpuno povu\u010dete svoju saglasnost.<\/p>\n\n\n\n<p>Pored toga, razli\u010diti pretra\u017eiva\u010di pru\u017eaju razli\u010dite metode za blokiranje i brisanje kola\u010di\u0107a koje koriste veb sajtovi. Mo\u017eete promeniti pode\u0161avanja va\u0161eg pretra\u017eiva\u010da da blokirate\/obri\u0161ete kola\u010di\u0107e. Da biste saznali vi\u0161e o tome kako upravljati i brisati kola\u010di\u0107e, posetite wikipedia.org, www.allaboutcookies.org.<\/p>\n","protected":false},"excerpt":{"rendered":"<p>O ovoj politici kola\u010di\u0107a Ova Politika kola\u010di\u0107a obja\u0161njava \u0161ta su kola\u010di\u0107i i kako ih koristimo. Trebalo bi da pro\u010ditate ovu politiku da biste razumeli \u0161ta su kola\u010di\u0107i, kako ih koristimo, vrste kola\u010di\u0107a koje koristimo, tj. informacije koje prikupljamo kori\u0161\u0107enjem kola\u010di\u0107a i kako se te informacije koriste, kao i na\u010din kontrole preferencija kola\u010di\u0107a. Za vi\u0161e informacija [&hellip;]<\/p>\n","protected":false},"author":4,"featured_media":0,"parent":0,"menu_order":0,"comment_status":"closed","ping_status":"closed","template":"","meta":{"_acf_changed":false,"footnotes":""},"class_list":["post-7153","page","type-page","status-publish","hentry"],"acf":[],"_links":{"self":[{"href":"https:\/\/niopliashalkidiki.gr\/sr\/wp-json\/wp\/v2\/pages\/7153","targetHints":{"allow":["GET"]}}],"collection":[{"href":"https:\/\/niopliashalkidiki.gr\/sr\/wp-json\/wp\/v2\/pages"}],"about":[{"href":"https:\/\/niopliashalkidiki.gr\/sr\/wp-json\/wp\/v2\/types\/page"}],"author":[{"embeddable":true,"href":"https:\/\/niopliashalkidiki.gr\/sr\/wp-json\/wp\/v2\/users\/4"}],"replies":[{"embeddable":true,"href":"https:\/\/niopliashalkidiki.gr\/sr\/wp-json\/wp\/v2\/comments?post=7153"}],"version-history":[{"count":1,"href":"https:\/\/niopliashalkidiki.gr\/sr\/wp-json\/wp\/v2\/pages\/7153\/revisions"}],"predecessor-version":[{"id":7154,"href":"https:\/\/niopliashalkidiki.gr\/sr\/wp-json\/wp\/v2\/pages\/7153\/revisions\/7154"}],"wp:attachment":[{"href":"https:\/\/niopliashalkidiki.gr\/sr\/wp-json\/wp\/v2\/media?parent=7153"}],"curies":[{"name":"wp","href":"https:\/\/api.w.org\/{rel}","templated":true}]}}