{"id":7149,"date":"2024-06-16T19:38:11","date_gmt":"2024-06-16T16:38:11","guid":{"rendered":"https:\/\/niopliashalkidiki.gr\/?page_id=7149"},"modified":"2026-02-08T22:38:57","modified_gmt":"2026-02-08T20:38:57","slug":"politiki-kratiseon-kanonismoi","status":"publish","type":"page","link":"https:\/\/niopliashalkidiki.gr\/sr\/politiki-kratiseon-kanonismoi\/","title":{"rendered":"Politika Rezervacija i Pravilnici"},"content":{"rendered":"\n<p><strong>Prijava - Odjava<\/strong><\/p>\n\n\n\n<p>Prijava: 15:00 \u2013 18:00 <\/p>\n\n\n\n<p>Odjava: do 11:00<\/p>\n\n\n\n<p><strong>Kasna odjava<\/strong><\/p>\n\n\n\n<p>U slu\u010daju odlaska nakon 11:00, gost \u0107e biti napla\u0107en za ceo dnevni boravak.&nbsp;<\/p>\n\n\n\n<p><br><strong>Otkazivanje transakcije<\/strong><\/p>\n\n\n\n<p>Gost mo\u017ee otkazati bez naplate do 14 dana pre dolaska.<\/p>\n\n\n\n<p>Ako se otkazivanje zatra\u017ei unutar 14 dana, gost \u0107e biti napla\u0107en 50% od ukupne cene.<\/p>\n\n\n\n<p>U slu\u010daju nepojavljivanja, naplati\u0107e vam se celokupan iznos rezervacije.<\/p>\n\n\n\n<p>&nbsp;<br><strong>Deca i dodatni kreveti<\/strong><\/p>\n\n\n\n<p>Deca svih uzrasta su dobrodo\u0161la.<\/p>\n\n\n\n<p>Dostupnost krevetaca je obezbe\u0111ena. Molimo vas da nas kontaktirate.<\/p>\n\n\n\n<p>&nbsp;<br><strong>Ku\u0107ni ljubimci<\/strong><\/p>\n\n\n\n<p>Ku\u0107ni ljubimci nisu dozvoljeni.<\/p>\n\n\n\n<h2 class=\"wp-block-heading\"><strong>Dostupni Na\u010dini Pla\u0107anja<\/strong><\/h2>\n\n\n\n<p><strong>Preko Banke (e-banking)<\/strong><\/p>\n\n\n\n<p>U referenci pla\u0107anja, molimo navedite va\u0161e puno ime i broj rezervacije (ako ste izvr\u0161ili online rezervaciju).<\/p>\n\n\n\n<p>&nbsp;<br><strong>Nacionalna Banka Gr\u010dke<\/strong><\/p>\n\n\n\n<p>\u0399\u0392\u0391\u039d: GR1601104720000047200438183<\/p>\n\n\n\n<p>BIC\/SWIFT: ETHNGRAA<\/p>\n\n\n\n<p>Ime: \u039d\u0399\u039f\u03a0\u039b\u0399\u0391\u03a3 \u03a7\u03a1\u0397\u03a3\u03a4\u039f\u03a3<\/p>\n\n\n\n<p><strong>Kreditne\/Debitne Kartice<\/strong><\/p>\n\n\n\n<p>Mo\u017eete platiti elektronski na recepciji.<\/p>\n\n\n\n<p>Za potvrdu va\u0161e rezervacije potreban je depozit od 100%.<\/p>\n\n\n\n<p>U slu\u010daju nepojavljivanja, naplati\u0107e vam se preostali iznos rezervacije.<\/p>\n\n\n\n<p><\/p>\n\n\n\n<h2 class=\"wp-block-heading\"><a><strong>PRAVILA SME\u0160TAJA<\/strong><\/a><\/h2>\n\n\n\n<p>Vlasnik objekta ima zakonsko pravo da ukloni bilo kojeg gosta koji se ne pridr\u017eava pravila objekta. Ulazak i boravak u Nioplias Luxury Apartments Pefkohori podrazumeva automatsko prihvatanje slede\u0107ih uslova:<\/p>\n\n\n\n<ol class=\"wp-block-list\">\n<li>Gost\/klijent, po dolasku u objekat, mora da poka\u017ee paso\u0161 ili li\u010dnu kartu, koji \u0107e se zadr\u017eati kod vlasnika do trenutka pla\u0107anja ra\u010duna.<\/li>\n\n\n\n<li>Sobe ne mogu primiti vi\u0161e osoba od onih navedenih za svaku kategoriju soba, bez obzira na to da li je to odrasla osoba ili dete. Iznimka su bebe koje \u0107e koristiti krevetac. Pa\u017enja, prijava ne\u0107e biti dozvoljena za dodatne osobe koje nisu navedene u rezervaciji.<\/li>\n\n\n\n<li>Po\u0161tujte druge stanare i vreme ti\u0161ine. Vreme ti\u0161ine (14:00 - 17:00 i 24:00 - 07:00) obavezno je za sve.<\/li>\n\n\n\n<li>Televizori, radio aparati i drugi muzi\u010dki instrumenti su dozvoljeni pod uslovom da rade pri niskom volumenu i da se pridr\u017eavaju vremena ti\u0161ine, i ne na balkonima soba.<\/li>\n\n\n\n<li>Roditelji moraju paziti da se njihova deca pridr\u017eavaju pravila objekta, da budu sigurni i da ne ometaju druge goste. Mogu koristiti sadr\u017eaje objekta na vlastitu odgovornost.<\/li>\n\n\n\n<li>Na dan odlaska, morate napustiti sobu do 11:00. U suprotnom, bi\u0107e vam napla\u0107eno dodatnih 50% dnevnog najma do 18:00. Nakon 18:00 bi\u0107e vam napla\u0107eno 100% dnevnog najma.<\/li>\n\n\n\n<li>Sve dodatne usluge nisu automatski uklju\u010dene u kona\u010dan iznos i moraju se platiti zasebno na recepciji.<\/li>\n\n\n\n<li>Du\u017eni ste da zamenite sve materijalne \u0161tete u sobi za koje ste odgovorni i da obavestite vlasnika o tome.<\/li>\n\n\n\n<li>Zabranjeno:\n<ul class=\"wp-block-list\">\n<li>Buka i muzika na balkonima, posebno tokom vremena ti\u0161ine.<\/li>\n\n\n\n<li>Pr\u017eenje, posebno morskih plodova i te\u0161kog mesa, nije dozvoljeno u kuhinji.<\/li>\n\n\n\n<li>Pu\u0161enje u zatvorenim zajedni\u010dkim prostorima i unutar soba.<\/li>\n\n\n\n<li>Ulazak ku\u0107nih ljubimaca.<\/li>\n\n\n\n<li>Bilo koje pomeranje name\u0161taja i opreme\/posu\u0111a.<\/li>\n<\/ul>\n<\/li>\n<\/ol>\n\n\n\n<ul class=\"wp-block-list\">\n<li><\/li>\n<\/ul>\n\n\n\n<p>Forma za rezervaciju je zahtev za rezervaciju i ne predstavlja nikakvu obavezu sa va\u0161e strane ili strane objekta.<\/p>\n\n\n\n<p>Nakon \u0161to objekat potvrdi dostupnost, bi\u0107e vam poslati bankovni podaci za pla\u0107anje depozita i privremena potvrda rezervacije sa krajnjim datumom.<\/p>\n\n\n\n<p>Va\u0161a rezervacija va\u017ei samo nakon depozita od 30% ukupnog iznosa ili drugog iznosa dogovorenog sa vlasnikom objekta, samo do krajnjeg roka koji vam je saop\u0161ten, i vi snosite sve bankarske tro\u0161kove\/provizije. (Izaberite \"Svi tro\u0161kovi na teret po\u0161iljaoca (DEBT\/OUR)\" u slu\u010daju uplate iz druge banke.)<\/p>\n\n\n\n<p>Depozit mora biti dokazan slanjem emaila sa potvrdom bankovne uplate.<\/p>\n","protected":false},"excerpt":{"rendered":"<p>Prijava - Odjava Prijava: 15:00 \u2013 18:00 Odjava: do 11:00 Kasna odjava U slu\u010daju odlaska nakon 11:00, gost \u0107e biti napla\u0107en za ceo dnevni boravak.&nbsp; Otkazivanje transakcije Gost mo\u017ee otkazati bez naplate do 14 dana pre dolaska. Ako se otkazivanje zatra\u017ei unutar 14 dana, gost \u0107e biti napla\u0107en 50% od ukupne cene. U slu\u010daju nepojavljivanja, [&hellip;]<\/p>\n","protected":false},"author":4,"featured_media":0,"parent":0,"menu_order":0,"comment_status":"closed","ping_status":"closed","template":"","meta":{"_acf_changed":false,"footnotes":""},"class_list":["post-7149","page","type-page","status-publish","hentry"],"acf":[],"_links":{"self":[{"href":"https:\/\/niopliashalkidiki.gr\/sr\/wp-json\/wp\/v2\/pages\/7149","targetHints":{"allow":["GET"]}}],"collection":[{"href":"https:\/\/niopliashalkidiki.gr\/sr\/wp-json\/wp\/v2\/pages"}],"about":[{"href":"https:\/\/niopliashalkidiki.gr\/sr\/wp-json\/wp\/v2\/types\/page"}],"author":[{"embeddable":true,"href":"https:\/\/niopliashalkidiki.gr\/sr\/wp-json\/wp\/v2\/users\/4"}],"replies":[{"embeddable":true,"href":"https:\/\/niopliashalkidiki.gr\/sr\/wp-json\/wp\/v2\/comments?post=7149"}],"version-history":[{"count":3,"href":"https:\/\/niopliashalkidiki.gr\/sr\/wp-json\/wp\/v2\/pages\/7149\/revisions"}],"predecessor-version":[{"id":8849,"href":"https:\/\/niopliashalkidiki.gr\/sr\/wp-json\/wp\/v2\/pages\/7149\/revisions\/8849"}],"wp:attachment":[{"href":"https:\/\/niopliashalkidiki.gr\/sr\/wp-json\/wp\/v2\/media?parent=7149"}],"curies":[{"name":"wp","href":"https:\/\/api.w.org\/{rel}","templated":true}]}}