{"id":7142,"date":"2024-06-16T17:18:18","date_gmt":"2024-06-16T14:18:18","guid":{"rendered":"https:\/\/niopliashalkidiki.gr\/?page_id=7142"},"modified":"2024-07-14T21:21:46","modified_gmt":"2024-07-14T18:21:46","slug":"uslovi-koriscenja","status":"publish","type":"page","link":"https:\/\/niopliashalkidiki.gr\/sr\/uslovi-koriscenja\/","title":{"rendered":"USLOVI KORI\u0160\u0106ENJA"},"content":{"rendered":"\n<p><strong>1. Prihvatanje Uslova Kori\u0161\u0107enja<\/strong><\/p>\n\n\n\n<p>Pristupom i kori\u0161\u0107enjem veb sajta <strong>niopliashalkidiki.gr <\/strong>(\"Vebsajt\"), sla\u017eete se da \u0107ete se pridr\u017eavati i biti vezani slede\u0107im uslovima i odredbama (\"Uslovi Kori\u0161\u0107enja\"). Ako se ne sla\u017eete sa ovim uslovima, molimo vas da ne koristite Vebsajt.<\/p>\n\n\n\n<p><strong>2. Pru\u017eene Usluge<\/strong><\/p>\n\n\n\n<p><strong>Niopliashalkidiki.gr<\/strong> pru\u017ea onlajn platformu za informacije i rezervaciju apartmana za odmor. Vebsajt omogu\u0107ava korisnicima da prave rezervacije, pregledaju informacije o apartmanima i pristupaju drugim uslugama vezanim za boravak u apartmanima.<\/p>\n\n\n\n<p><strong>3. Obaveze Korisnika<\/strong><\/p>\n\n\n\n<ul class=\"wp-block-list\">\n<li>Sla\u017eete se da pru\u017eate ta\u010dne, aktuelne i potpune informacije tokom procesa rezervacije i da a\u017eurirate ove informacije kako bi bile ta\u010dne, aktuelne i potpune.<\/li>\n\n\n\n<li>Odgovorni ste za odr\u017eavanje poverljivosti informacija va\u0161eg naloga i za sve aktivnosti koje se de\u0161avaju pod va\u0161im nalogom.<\/li>\n<\/ul>\n\n\n\n<p><strong>4. Politike Rezervacije i Otkazivanja<\/strong><\/p>\n\n\n\n<ul class=\"wp-block-list\">\n<li>Sve rezervacije podlo\u017ene su dostupnosti i potvrdi.<\/li>\n\n\n\n<li>Politike otkazivanja se razlikuju u zavisnosti od stope ili paketa koji su rezervisani. Specifi\u010dni detalji otkazivanja se pru\u017eaju u trenutku rezervacije i u emailu za potvrdu.<\/li>\n\n\n\n<li>Sve promene u rezervacijama moraju biti izvr\u0161ene u skladu sa uslovima i odredbama koje su navedene u trenutku rezervacije.<\/li>\n\n\n\n<li>Za vi\u0161e informacija o rezervacijama, posetite stranicu Politika Boravka i Rezervacija.<\/li>\n<\/ul>\n\n\n\n<p><strong>5. Uslovi Pla\u0107anja<\/strong><\/p>\n\n\n\n<ul class=\"wp-block-list\">\n<li>Pla\u0107anje za rezervacije mo\u017ee biti izvr\u0161eno putem razli\u010ditih metoda kako je navedeno na Vebsajtu.<\/li>\n\n\n\n<li>Sve cene su navedene u evrima i uklju\u010duju PDV od 13%.<\/li>\n<\/ul>\n\n\n\n<p><strong>6. Intelektualna Svojina<\/strong><\/p>\n\n\n\n<ul class=\"wp-block-list\">\n<li>Sav sadr\u017eaj na Vebsajtu, uklju\u010duju\u0107i, ali ne ograni\u010davaju\u0107i se na tekstove, grafiku, logotipe i slike, vlasni\u0161tvo je <strong>Nioplias Luxury Apartments Pefkohori<\/strong> ili njegovih dobavlja\u010da sadr\u017eaja i za\u0161ti\u0107en je va\u017ee\u0107im zakonima o intelektualnoj svojini.<\/li>\n\n\n\n<li>Nije dozvoljeno reprodukovati, distribuirati ili kreirati izvedena dela iz bilo kog sadr\u017eaja na Vebsajtu bez izri\u010dite pismene saglasnosti <strong>Nioplias Luxury Apartments Pefkohori<\/strong>.<\/li>\n<\/ul>\n\n\n\n<p><strong>7. Ograni\u010denje Odgovornosti<\/strong><\/p>\n\n\n\n<ul class=\"wp-block-list\">\n<li><strong>Nioplias Luxury Apartments Pefkohori<\/strong> nije odgovoran za bilo kakvu direktnu, indirektnu, slu\u010dajnu ili posljedi\u010dnu \u0161tetu koja proisti\u010de iz kori\u0161\u0107enja ili nemogu\u0107nosti kori\u0161\u0107enja Vebsajta ili bilo koje od njegovih usluga.<\/li>\n\n\n\n<li><strong>Nioplias Luxury Apartments Pefkohori<\/strong> ne garantuje ta\u010dnost ili potpunost bilo koje informacije pru\u017eene na Vebsajtu.<\/li>\n<\/ul>\n\n\n\n<p><strong>8. Promene Uslova<\/strong><\/p>\n\n\n\n<p><strong>Nioplias Luxury Apartments Pefkohori<\/strong> zadr\u017eava pravo da izmeni ove Uslove Kori\u0161\u0107enja u bilo kom trenutku. Sve promene \u0107e stupiti na snagu odmah nakon objavljivanja na Vebsajtu. Va\u0161e kontinuirano kori\u0161\u0107enje Vebsajta predstavlja va\u0161e prihvatanje izmenjenih uslova.<\/p>\n\n\n\n<p><strong>9.Primjenjivi Zakon<\/strong><\/p>\n\n\n\n<p>Ovi Uslovi Kori\u0161\u0107enja regulisani su i tuma\u010deni u skladu sa zakonima Gr\u010dke, bez obzira na sukob pravnih na\u010dela.<\/p>\n\n\n\n<p><\/p>\n","protected":false},"excerpt":{"rendered":"<p>1. Prihvatanje Uslova Kori\u0161\u0107enja Pristupom i kori\u0161\u0107enjem veb sajta niopliashalkidiki.gr (\"Vebsajt\"), sla\u017eete se da \u0107ete se pridr\u017eavati i biti vezani slede\u0107im uslovima i odredbama (\"Uslovi Kori\u0161\u0107enja\"). Ako se ne sla\u017eete sa ovim uslovima, molimo vas da ne koristite Vebsajt. 2. Pru\u017eene Usluge Niopliashalkidiki.gr pru\u017ea onlajn platformu za informacije i rezervaciju apartmana za odmor. Vebsajt omogu\u0107ava [&hellip;]<\/p>\n","protected":false},"author":4,"featured_media":0,"parent":0,"menu_order":0,"comment_status":"closed","ping_status":"closed","template":"","meta":{"_acf_changed":false,"footnotes":""},"class_list":["post-7142","page","type-page","status-publish","hentry"],"acf":[],"_links":{"self":[{"href":"https:\/\/niopliashalkidiki.gr\/sr\/wp-json\/wp\/v2\/pages\/7142","targetHints":{"allow":["GET"]}}],"collection":[{"href":"https:\/\/niopliashalkidiki.gr\/sr\/wp-json\/wp\/v2\/pages"}],"about":[{"href":"https:\/\/niopliashalkidiki.gr\/sr\/wp-json\/wp\/v2\/types\/page"}],"author":[{"embeddable":true,"href":"https:\/\/niopliashalkidiki.gr\/sr\/wp-json\/wp\/v2\/users\/4"}],"replies":[{"embeddable":true,"href":"https:\/\/niopliashalkidiki.gr\/sr\/wp-json\/wp\/v2\/comments?post=7142"}],"version-history":[{"count":1,"href":"https:\/\/niopliashalkidiki.gr\/sr\/wp-json\/wp\/v2\/pages\/7142\/revisions"}],"predecessor-version":[{"id":7143,"href":"https:\/\/niopliashalkidiki.gr\/sr\/wp-json\/wp\/v2\/pages\/7142\/revisions\/7143"}],"wp:attachment":[{"href":"https:\/\/niopliashalkidiki.gr\/sr\/wp-json\/wp\/v2\/media?parent=7142"}],"curies":[{"name":"wp","href":"https:\/\/api.w.org\/{rel}","templated":true}]}}